{"id":14,"date":"2025-09-22T14:48:46","date_gmt":"2025-09-22T14:48:46","guid":{"rendered":"https:\/\/soinuetxea.rkinformatika.online\/?page_id=14"},"modified":"2025-11-11T11:28:29","modified_gmt":"2025-11-11T11:28:29","slug":"inicio","status":"publish","type":"page","link":"https:\/\/soinuetxea.com\/eu\/","title":{"rendered":"Hasiera"},"content":{"rendered":"<div data-elementor-type=\"wp-page\" data-elementor-id=\"14\" class=\"elementor elementor-14\" data-elementor-post-type=\"page\">\n\t\t\t\t<div class=\"elementor-element elementor-element-8fcab4e e-flex e-con-boxed e-con e-parent\" data-id=\"8fcab4e\" data-element_type=\"container\" data-e-type=\"container\" data-settings=\"{&quot;background_background&quot;:&quot;classic&quot;}\">\n\t\t\t\t\t<div class=\"e-con-inner\">\n\t\t<div class=\"elementor-element elementor-element-984361e e-con-full e-flex e-con e-child\" data-id=\"984361e\" data-element_type=\"container\" data-e-type=\"container\">\n\t\t\t\t<div class=\"elementor-element elementor-element-279a25a elementor-invisible elementor-widget elementor-widget-image\" data-id=\"279a25a\" data-element_type=\"widget\" data-e-type=\"widget\" data-settings=\"{&quot;_animation&quot;:&quot;zoomInRight&quot;}\" data-widget_type=\"image.default\">\n\t\t\t\t\t\t\t\t\t\t\t\t\t\t\t<img fetchpriority=\"high\" decoding=\"async\" width=\"500\" height=\"500\" src=\"https:\/\/soinuetxea.com\/wp-content\/uploads\/2025\/11\/sunchengxi-2.png\" class=\"attachment-large size-large wp-image-162\" alt=\"\" srcset=\"https:\/\/soinuetxea.com\/wp-content\/uploads\/2025\/11\/sunchengxi-2.png 500w, https:\/\/soinuetxea.com\/wp-content\/uploads\/2025\/11\/sunchengxi-2-300x300.png 300w, https:\/\/soinuetxea.com\/wp-content\/uploads\/2025\/11\/sunchengxi-2-150x150.png 150w, https:\/\/soinuetxea.com\/wp-content\/uploads\/2025\/11\/sunchengxi-2-12x12.png 12w\" sizes=\"(max-width: 500px) 100vw, 500px\" \/>\t\t\t\t\t\t\t\t\t\t\t\t\t\t\t<\/div>\n\t\t\t\t<\/div>\n\t\t<div class=\"elementor-element elementor-element-e029d3e e-con-full e-flex e-con e-child\" data-id=\"e029d3e\" data-element_type=\"container\" data-e-type=\"container\">\n\t\t\t\t<div class=\"elementor-element elementor-element-077423c elementor-invisible elementor-widget elementor-widget-heading\" data-id=\"077423c\" data-element_type=\"widget\" data-e-type=\"widget\" data-settings=\"{&quot;_animation&quot;:&quot;fadeInRight&quot;}\" data-widget_type=\"heading.default\">\n\t\t\t\t\t<h2 class=\"elementor-heading-title elementor-size-default\">Akordeoietan espezialistak<\/h2>\t\t\t\t<\/div>\n\t\t\t\t<div class=\"elementor-element elementor-element-a8916c2 elementor-invisible elementor-widget elementor-widget-text-editor\" data-id=\"a8916c2\" data-element_type=\"widget\" data-e-type=\"widget\" data-settings=\"{&quot;_animation&quot;:&quot;fadeInRight&quot;}\" data-widget_type=\"text-editor.default\">\n\t\t\t\t\t\t\t\t\t<p>Baraiazarra Soinuetxea Gernika-Lumon dagoen denda bat da, musika tresnak saldu eta konpontzeko zerbitzua eskaintzen duena. Hamarkada askotako esperientzia dugu atzean akordeoiaren sektorean.<\/p>\t\t\t\t\t\t\t\t<\/div>\n\t\t\t\t<\/div>\n\t\t\t\t\t<\/div>\n\t\t\t\t<\/div>\n\t\t<div class=\"elementor-element elementor-element-e7253ed e-flex e-con-boxed e-con e-parent\" data-id=\"e7253ed\" data-element_type=\"container\" data-e-type=\"container\">\n\t\t\t\t\t<div class=\"e-con-inner\">\n\t\t<div class=\"elementor-element elementor-element-6b94896 e-con-full e-flex e-con e-child\" data-id=\"6b94896\" data-element_type=\"container\" data-e-type=\"container\">\n\t\t\t\t<div class=\"elementor-element elementor-element-c732ff6 elementor-widget elementor-widget-image\" data-id=\"c732ff6\" data-element_type=\"widget\" data-e-type=\"widget\" data-widget_type=\"image.default\">\n\t\t\t\t\t\t\t\t\t\t\t\t\t\t\t<img decoding=\"async\" width=\"800\" height=\"436\" src=\"https:\/\/soinuetxea.com\/wp-content\/uploads\/2025\/11\/soinuak_comp.png\" class=\"attachment-large size-large wp-image-190\" alt=\"\" srcset=\"https:\/\/soinuetxea.com\/wp-content\/uploads\/2025\/11\/soinuak_comp.png 800w, https:\/\/soinuetxea.com\/wp-content\/uploads\/2025\/11\/soinuak_comp-300x164.png 300w, https:\/\/soinuetxea.com\/wp-content\/uploads\/2025\/11\/soinuak_comp-768x419.png 768w, https:\/\/soinuetxea.com\/wp-content\/uploads\/2025\/11\/soinuak_comp-18x10.png 18w\" sizes=\"(max-width: 800px) 100vw, 800px\" \/>\t\t\t\t\t\t\t\t\t\t\t\t\t\t\t<\/div>\n\t\t\t\t<\/div>\n\t\t<div class=\"elementor-element elementor-element-3797a77 e-con-full e-flex e-con e-child\" data-id=\"3797a77\" data-element_type=\"container\" data-e-type=\"container\">\n\t\t\t\t<div class=\"elementor-element elementor-element-fba076e elementor-widget elementor-widget-heading\" data-id=\"fba076e\" data-element_type=\"widget\" data-e-type=\"widget\" data-widget_type=\"heading.default\">\n\t\t\t\t\t<h2 class=\"elementor-heading-title elementor-size-default\">Guri Buruz<\/h2>\t\t\t\t<\/div>\n\t\t\t\t<div class=\"elementor-element elementor-element-f7eabad elementor-widget elementor-widget-text-editor\" data-id=\"f7eabad\" data-element_type=\"widget\" data-e-type=\"widget\" data-widget_type=\"text-editor.default\">\n\t\t\t\t\t\t\t\t\t<p>Baraiazarra Soinuetxeak 1984an ireki zituen ateak<strong>\u00a0Kepa Baraiazarraren<\/strong>\u00a0eskutik. Aita\u00a0<strong>Santi Baraiazarrak,<\/strong>ofiziotako arotzak, denda zabaltzera animatu zuen\u00a0<strong>Kepa.<\/strong>\u00a0Santik, zura lantzeaz gain, era guztietako musika-tresnak atontzen zituen, baita eliza-dorreetako erlojuak eta koruetako harmonia zaharrak ere.<\/p><p>26 urterekin egin zuen lehen akordeoia eta bere kabuz ikasi zuen erromerietako doinuak buruz ikasten.<\/p>\t\t\t\t\t\t\t\t<\/div>\n\t\t\t\t<\/div>\n\t\t\t\t\t<\/div>\n\t\t\t\t<\/div>\n\t\t<div class=\"elementor-element elementor-element-b3bb497 e-flex e-con-boxed e-con e-parent\" data-id=\"b3bb497\" data-element_type=\"container\" data-e-type=\"container\">\n\t\t\t\t\t<div class=\"e-con-inner\">\n\t\t<div class=\"elementor-element elementor-element-c575eab e-con-full e-flex e-con e-child\" data-id=\"c575eab\" data-element_type=\"container\" data-e-type=\"container\">\n\t\t\t\t<div class=\"elementor-element elementor-element-f2069d0 elementor-widget elementor-widget-image\" data-id=\"f2069d0\" data-element_type=\"widget\" data-e-type=\"widget\" data-widget_type=\"image.default\">\n\t\t\t\t\t\t\t\t\t\t\t\t\t\t\t<img decoding=\"async\" width=\"800\" height=\"530\" src=\"https:\/\/soinuetxea.com\/wp-content\/uploads\/2025\/11\/konponketak_1-1024x678.jpg\" class=\"attachment-large size-large wp-image-148\" alt=\"\" srcset=\"https:\/\/soinuetxea.com\/wp-content\/uploads\/2025\/11\/konponketak_1-1024x678.jpg 1024w, https:\/\/soinuetxea.com\/wp-content\/uploads\/2025\/11\/konponketak_1-300x199.jpg 300w, https:\/\/soinuetxea.com\/wp-content\/uploads\/2025\/11\/konponketak_1-768x509.jpg 768w, https:\/\/soinuetxea.com\/wp-content\/uploads\/2025\/11\/konponketak_1-1536x1018.jpg 1536w, https:\/\/soinuetxea.com\/wp-content\/uploads\/2025\/11\/konponketak_1-18x12.jpg 18w, https:\/\/soinuetxea.com\/wp-content\/uploads\/2025\/11\/konponketak_1.jpg 1600w\" sizes=\"(max-width: 800px) 100vw, 800px\" \/>\t\t\t\t\t\t\t\t\t\t\t\t\t\t\t<\/div>\n\t\t\t\t<\/div>\n\t\t<div class=\"elementor-element elementor-element-3d76f21 e-con-full e-flex e-con e-child\" data-id=\"3d76f21\" data-element_type=\"container\" data-e-type=\"container\">\n\t\t\t\t<div class=\"elementor-element elementor-element-9ea37d3 elementor-widget elementor-widget-text-editor\" data-id=\"9ea37d3\" data-element_type=\"widget\" data-e-type=\"widget\" data-widget_type=\"text-editor.default\">\n\t\t\t\t\t\t\t\t\t<p>Errigoitiko Zabale auzoko baserrira inguruko musikari batzuk joaten ziren akordeoiak konpondu edo afinatzera. Horrela, Kepa trebetasuna eskuratzen hasi zen aitari lagunduz.<\/p><p>Lehen urteak nahiko gogorrak izan arren, denboraren poderioz Baraiazarra Soinuetxea trikitilari eta soinujoleen arteko erreferentzia puntua bihurtu da. Musikari profesional asko joaten dira dendara beren instrumentuekin. Eskusoinuak Gernika-Lumoko dendara bidaltzen dira Euskal Herritik, Herrialde Katalanetatik, Galiziatik eta espainiar estatutik.<\/p><p>Gaur egun,\u00a0<strong>Endika Urlezaga<\/strong>\u00a0arduratu da lanbide eder horri jarraipena emateaz. Kepa aitarekin bezala, Endikak Keparengandik ikasi du trikitixak eta akordeoiak konpontzen eta afinatzen. Horrela, lanbide honi jarraipena ematen dion hirugarren belaunaldia da.<\/p>\t\t\t\t\t\t\t\t<\/div>\n\t\t\t\t<\/div>\n\t\t\t\t\t<\/div>\n\t\t\t\t<\/div>\n\t\t<div class=\"elementor-element elementor-element-ea491ed e-con-full e-flex e-con e-parent\" data-id=\"ea491ed\" data-element_type=\"container\" data-e-type=\"container\" data-settings=\"{&quot;background_background&quot;:&quot;classic&quot;}\">\n\t\t\t\t<div class=\"elementor-element elementor-element-425b0bb elementor-cta--skin-cover elementor-animated-content elementor-bg-transform elementor-bg-transform-zoom-in elementor-widget elementor-widget-call-to-action\" data-id=\"425b0bb\" data-element_type=\"widget\" data-e-type=\"widget\" data-widget_type=\"call-to-action.default\">\n\t\t\t\t\t\t\t<div class=\"elementor-cta\">\n\t\t\t\t\t<div class=\"elementor-cta__bg-wrapper\">\n\t\t\t\t<div class=\"elementor-cta__bg elementor-bg\" style=\"background-image: url(https:\/\/soinuetxea.com\/wp-content\/uploads\/2025\/11\/1639119-1024x683.jpg);\" role=\"img\" aria-label=\"1639119\"><\/div>\n\t\t\t\t<div class=\"elementor-cta__bg-overlay\"><\/div>\n\t\t\t<\/div>\n\t\t\t\t\t\t\t<div class=\"elementor-cta__content\">\n\t\t\t\t\n\t\t\t\t\t\t\t\t\t<h2 class=\"elementor-cta__title elementor-cta__content-item elementor-content-item elementor-animated-item--grow\">\n\t\t\t\t\t\tZatoz gu ezagutzera!\t\t\t\t\t<\/h2>\n\t\t\t\t\n\t\t\t\t\t\t\t\t\t<div class=\"elementor-cta__description elementor-cta__content-item elementor-content-item elementor-animated-item--grow\">\n\t\t\t\t\t\tAkordeoiak konpontzea, trikitixak eta beste instrumentu batzuk saltzea.\t\t\t\t\t<\/div>\n\t\t\t\t\n\t\t\t\t\t\t\t\t\t<div class=\"elementor-cta__button-wrapper elementor-cta__content-item elementor-content-item elementor-animated-item--grow\">\n\t\t\t\t\t<a class=\"elementor-cta__button elementor-button elementor-size-\" href=\"https:\/\/soinuetxea.com\/eu\/productos\/\">\n\t\t\t\t\t\tZerbitzuak\t\t\t\t\t<\/a>\n\t\t\t\t\t<\/div>\n\t\t\t\t\t\t\t<\/div>\n\t\t\t\t\t\t<\/div>\n\t\t\t\t\t\t<\/div>\n\t\t\t\t<\/div>\n\t\t\t\t<\/div>","protected":false},"excerpt":{"rendered":"<p>Especialistas en acordeones Baraiazarra Soinuetxea es una tienda ubicada en Gernika-Lumo que ofrece un servicio de venta y reparaci\u00f3n de instrumentos musicales. Tenemos d\u00e9cadas de experiencia a nuestras espaldas en el sector del acorde\u00f3n. Sobre nosotros Baraiazarra Soinuetxea abri\u00f3 sus puertas\u00a0en 1984\u00a0de la mano de Kepa Baraiazarra. Su padre\u00a0Santi Baraiazarra, carpintero de oficios, anim\u00f3 a\u00a0Kepa\u00a0a [&hellip;]<\/p>\n","protected":false},"author":1,"featured_media":0,"parent":0,"menu_order":0,"comment_status":"closed","ping_status":"closed","template":"elementor_canvas","meta":{"footnotes":""},"class_list":["post-14","page","type-page","status-publish","hentry"],"yoast_head":"<!-- This site is optimized with the Yoast SEO plugin v27.5 - https:\/\/yoast.com\/product\/yoast-seo-wordpress\/ -->\n<title>Inicio - Soinuetxea<\/title>\n<meta name=\"robots\" content=\"index, follow, max-snippet:-1, max-image-preview:large, max-video-preview:-1\" \/>\n<link rel=\"canonical\" href=\"https:\/\/soinuetxea.com\/eu\/\" \/>\n<meta property=\"og:locale\" content=\"en_US\" \/>\n<meta property=\"og:type\" content=\"article\" \/>\n<meta property=\"og:title\" content=\"Inicio - Soinuetxea\" \/>\n<meta property=\"og:description\" content=\"Especialistas en acordeones Baraiazarra Soinuetxea es una tienda ubicada en Gernika-Lumo que ofrece un servicio de venta y reparaci\u00f3n de instrumentos musicales. Tenemos d\u00e9cadas de experiencia a nuestras espaldas en el sector del acorde\u00f3n. Sobre nosotros Baraiazarra Soinuetxea abri\u00f3 sus puertas\u00a0en 1984\u00a0de la mano de Kepa Baraiazarra. Su padre\u00a0Santi Baraiazarra, carpintero de oficios, anim\u00f3 a\u00a0Kepa\u00a0a [&hellip;]\" \/>\n<meta property=\"og:url\" content=\"https:\/\/soinuetxea.com\/eu\/\" \/>\n<meta property=\"og:site_name\" content=\"Soinuetxea\" \/>\n<meta property=\"article:modified_time\" content=\"2025-11-11T11:28:29+00:00\" \/>\n<meta property=\"og:image\" content=\"https:\/\/soinuetxea.com\/wp-content\/uploads\/2025\/11\/sunchengxi-2.png\" \/>\n<meta name=\"twitter:card\" content=\"summary_large_image\" \/>\n<meta name=\"twitter:label1\" content=\"Est. reading time\" \/>\n\t<meta name=\"twitter:data1\" content=\"2 minutua\" \/>\n<script type=\"application\/ld+json\" class=\"yoast-schema-graph\">{\"@context\":\"https:\\\/\\\/schema.org\",\"@graph\":[{\"@type\":\"WebPage\",\"@id\":\"https:\\\/\\\/soinuetxea.com\\\/\",\"url\":\"https:\\\/\\\/soinuetxea.com\\\/\",\"name\":\"Inicio - Soinuetxea\",\"isPartOf\":{\"@id\":\"https:\\\/\\\/soinuetxea.com\\\/#website\"},\"primaryImageOfPage\":{\"@id\":\"https:\\\/\\\/soinuetxea.com\\\/#primaryimage\"},\"image\":{\"@id\":\"https:\\\/\\\/soinuetxea.com\\\/#primaryimage\"},\"thumbnailUrl\":\"https:\\\/\\\/soinuetxea.com\\\/wp-content\\\/uploads\\\/2025\\\/11\\\/sunchengxi-2.png\",\"datePublished\":\"2025-09-22T14:48:46+00:00\",\"dateModified\":\"2025-11-11T11:28:29+00:00\",\"breadcrumb\":{\"@id\":\"https:\\\/\\\/soinuetxea.com\\\/#breadcrumb\"},\"inLanguage\":\"eu\",\"potentialAction\":[{\"@type\":\"ReadAction\",\"target\":[\"https:\\\/\\\/soinuetxea.com\\\/\"]}]},{\"@type\":\"ImageObject\",\"inLanguage\":\"eu\",\"@id\":\"https:\\\/\\\/soinuetxea.com\\\/#primaryimage\",\"url\":\"https:\\\/\\\/soinuetxea.com\\\/wp-content\\\/uploads\\\/2025\\\/11\\\/sunchengxi-2.png\",\"contentUrl\":\"https:\\\/\\\/soinuetxea.com\\\/wp-content\\\/uploads\\\/2025\\\/11\\\/sunchengxi-2.png\"},{\"@type\":\"BreadcrumbList\",\"@id\":\"https:\\\/\\\/soinuetxea.com\\\/#breadcrumb\",\"itemListElement\":[{\"@type\":\"ListItem\",\"position\":1,\"name\":\"Portada\",\"item\":\"https:\\\/\\\/soinuetxea.com\\\/\"},{\"@type\":\"ListItem\",\"position\":2,\"name\":\"Inicio\"}]},{\"@type\":\"WebSite\",\"@id\":\"https:\\\/\\\/soinuetxea.com\\\/#website\",\"url\":\"https:\\\/\\\/soinuetxea.com\\\/\",\"name\":\"Soinuetxea\",\"description\":\"Venta y reparaci\u00f3n de instrumentos musicales\",\"publisher\":{\"@id\":\"https:\\\/\\\/soinuetxea.com\\\/#organization\"},\"potentialAction\":[{\"@type\":\"SearchAction\",\"target\":{\"@type\":\"EntryPoint\",\"urlTemplate\":\"https:\\\/\\\/soinuetxea.com\\\/?s={search_term_string}\"},\"query-input\":{\"@type\":\"PropertyValueSpecification\",\"valueRequired\":true,\"valueName\":\"search_term_string\"}}],\"inLanguage\":\"eu\"},{\"@type\":\"Organization\",\"@id\":\"https:\\\/\\\/soinuetxea.com\\\/#organization\",\"name\":\"Soinuetxea\",\"url\":\"https:\\\/\\\/soinuetxea.com\\\/\",\"logo\":{\"@type\":\"ImageObject\",\"inLanguage\":\"eu\",\"@id\":\"https:\\\/\\\/soinuetxea.com\\\/#\\\/schema\\\/logo\\\/image\\\/\",\"url\":\"https:\\\/\\\/soinuetxea.com\\\/wp-content\\\/uploads\\\/2025\\\/09\\\/cropped-Diseno-sin-titulo.png\",\"contentUrl\":\"https:\\\/\\\/soinuetxea.com\\\/wp-content\\\/uploads\\\/2025\\\/09\\\/cropped-Diseno-sin-titulo.png\",\"width\":421,\"height\":152,\"caption\":\"Soinuetxea\"},\"image\":{\"@id\":\"https:\\\/\\\/soinuetxea.com\\\/#\\\/schema\\\/logo\\\/image\\\/\"}}]}<\/script>\n<!-- \/ Yoast SEO plugin. -->","yoast_head_json":{"title":"Inicio - Soinuetxea","robots":{"index":"index","follow":"follow","max-snippet":"max-snippet:-1","max-image-preview":"max-image-preview:large","max-video-preview":"max-video-preview:-1"},"canonical":"https:\/\/soinuetxea.com\/eu\/","og_locale":"en_US","og_type":"article","og_title":"Inicio - Soinuetxea","og_description":"Especialistas en acordeones Baraiazarra Soinuetxea es una tienda ubicada en Gernika-Lumo que ofrece un servicio de venta y reparaci\u00f3n de instrumentos musicales. Tenemos d\u00e9cadas de experiencia a nuestras espaldas en el sector del acorde\u00f3n. Sobre nosotros Baraiazarra Soinuetxea abri\u00f3 sus puertas\u00a0en 1984\u00a0de la mano de Kepa Baraiazarra. Su padre\u00a0Santi Baraiazarra, carpintero de oficios, anim\u00f3 a\u00a0Kepa\u00a0a [&hellip;]","og_url":"https:\/\/soinuetxea.com\/eu\/","og_site_name":"Soinuetxea","article_modified_time":"2025-11-11T11:28:29+00:00","og_image":[{"url":"https:\/\/soinuetxea.com\/wp-content\/uploads\/2025\/11\/sunchengxi-2.png","type":"","width":"","height":""}],"twitter_card":"summary_large_image","twitter_misc":{"Est. reading time":"2 minutua"},"schema":{"@context":"https:\/\/schema.org","@graph":[{"@type":"WebPage","@id":"https:\/\/soinuetxea.com\/","url":"https:\/\/soinuetxea.com\/","name":"Inicio - Soinuetxea","isPartOf":{"@id":"https:\/\/soinuetxea.com\/#website"},"primaryImageOfPage":{"@id":"https:\/\/soinuetxea.com\/#primaryimage"},"image":{"@id":"https:\/\/soinuetxea.com\/#primaryimage"},"thumbnailUrl":"https:\/\/soinuetxea.com\/wp-content\/uploads\/2025\/11\/sunchengxi-2.png","datePublished":"2025-09-22T14:48:46+00:00","dateModified":"2025-11-11T11:28:29+00:00","breadcrumb":{"@id":"https:\/\/soinuetxea.com\/#breadcrumb"},"inLanguage":"eu","potentialAction":[{"@type":"ReadAction","target":["https:\/\/soinuetxea.com\/"]}]},{"@type":"ImageObject","inLanguage":"eu","@id":"https:\/\/soinuetxea.com\/#primaryimage","url":"https:\/\/soinuetxea.com\/wp-content\/uploads\/2025\/11\/sunchengxi-2.png","contentUrl":"https:\/\/soinuetxea.com\/wp-content\/uploads\/2025\/11\/sunchengxi-2.png"},{"@type":"BreadcrumbList","@id":"https:\/\/soinuetxea.com\/#breadcrumb","itemListElement":[{"@type":"ListItem","position":1,"name":"Portada","item":"https:\/\/soinuetxea.com\/"},{"@type":"ListItem","position":2,"name":"Inicio"}]},{"@type":"WebSite","@id":"https:\/\/soinuetxea.com\/#website","url":"https:\/\/soinuetxea.com\/","name":"Soinuetxea","description":"Venta y reparaci\u00f3n de instrumentos musicales","publisher":{"@id":"https:\/\/soinuetxea.com\/#organization"},"potentialAction":[{"@type":"SearchAction","target":{"@type":"EntryPoint","urlTemplate":"https:\/\/soinuetxea.com\/?s={search_term_string}"},"query-input":{"@type":"PropertyValueSpecification","valueRequired":true,"valueName":"search_term_string"}}],"inLanguage":"eu"},{"@type":"Organization","@id":"https:\/\/soinuetxea.com\/#organization","name":"Soinuetxea","url":"https:\/\/soinuetxea.com\/","logo":{"@type":"ImageObject","inLanguage":"eu","@id":"https:\/\/soinuetxea.com\/#\/schema\/logo\/image\/","url":"https:\/\/soinuetxea.com\/wp-content\/uploads\/2025\/09\/cropped-Diseno-sin-titulo.png","contentUrl":"https:\/\/soinuetxea.com\/wp-content\/uploads\/2025\/09\/cropped-Diseno-sin-titulo.png","width":421,"height":152,"caption":"Soinuetxea"},"image":{"@id":"https:\/\/soinuetxea.com\/#\/schema\/logo\/image\/"}}]}},"_links":{"self":[{"href":"https:\/\/soinuetxea.com\/eu\/wp-json\/wp\/v2\/pages\/14","targetHints":{"allow":["GET"]}}],"collection":[{"href":"https:\/\/soinuetxea.com\/eu\/wp-json\/wp\/v2\/pages"}],"about":[{"href":"https:\/\/soinuetxea.com\/eu\/wp-json\/wp\/v2\/types\/page"}],"author":[{"embeddable":true,"href":"https:\/\/soinuetxea.com\/eu\/wp-json\/wp\/v2\/users\/1"}],"replies":[{"embeddable":true,"href":"https:\/\/soinuetxea.com\/eu\/wp-json\/wp\/v2\/comments?post=14"}],"version-history":[{"count":91,"href":"https:\/\/soinuetxea.com\/eu\/wp-json\/wp\/v2\/pages\/14\/revisions"}],"predecessor-version":[{"id":243,"href":"https:\/\/soinuetxea.com\/eu\/wp-json\/wp\/v2\/pages\/14\/revisions\/243"}],"wp:attachment":[{"href":"https:\/\/soinuetxea.com\/eu\/wp-json\/wp\/v2\/media?parent=14"}],"curies":[{"name":"wp","href":"https:\/\/api.w.org\/{rel}","templated":true}]}}